{"id":206,"date":"2015-07-14T14:50:10","date_gmt":"2015-07-14T14:50:10","guid":{"rendered":"http:\/\/test.kriesi.at\/minimal-portfolio\/?page_id=9"},"modified":"2026-04-01T15:58:58","modified_gmt":"2026-04-01T15:58:58","slug":"home","status":"publish","type":"page","link":"https:\/\/wadowski.com.pl\/","title":{"rendered":"Home"},"content":{"rendered":"<div id='av_section_1'  class='avia-section main_color avia-section-large avia-no-border-styling  avia-full-stretch avia-bg-style-fixed  avia-builder-el-0  el_before_av_section  avia-builder-el-first   container_wrap fullsize' style='background-color: #ffffff; background-repeat: no-repeat; background-image: url(https:\/\/wadowski.com.pl\/wp-content\/uploads\/2015\/07\/laptop-white.jpg);background-attachment: fixed; background-position: top left;  '  data-section-bg-repeat='stretch'><div class='av-section-color-overlay-wrap'><a href='#next-section' title='' class='scroll-down-link '  aria-hidden='true' data-av_icon='\ue877' data-av_iconfont='entypo-fontello'><\/a><div class='container' ><main  role=\"main\" itemprop=\"mainContentOfPage\"  class='template-page content  av-content-full alpha units'><div class='post-entry post-entry-type-page post-entry-206'><div class='entry-content-wrapper clearfix'>\n<div class=\"flex_column av_one_full  av-animated-generic top-to-bottom  flex_column_div first  avia-builder-el-1  avia-builder-el-no-sibling  \" style='padding:20px; border-radius:0px; '><p><div  style='padding-bottom:0px; font-size:65px;' class='av-special-heading av-special-heading-h3  blockquote modern-quote modern-centered  avia-builder-el-2  el_before_av_hr  avia-builder-el-first  av-thin-font av-inherit-size '><h3 class='av-special-heading-tag '  itemprop=\"headline\"  ><strong>Aura Koncept<\/strong><br \/>Sp. z o.o.<\/h3><div class='special-heading-border'><div class='special-heading-inner-border' ><\/div><\/div><\/div><br \/>\n<div  style=' margin-top:30px; margin-bottom:30px;'  class='hr hr-custom hr-center hr-icon-no   avia-builder-el-3  el_after_av_heading  el_before_av_textblock '><span class='hr-inner  inner-border-av-border-thin' style=' width:50px; border-color:#000000;' ><span class='hr-inner-style'><\/span><\/span><\/div><br \/>\n<section class=\"av_textblock_section \"  itemscope=\"itemscope\" itemtype=\"https:\/\/schema.org\/CreativeWork\" ><div class='avia_textblock  '  style='font-size:22px; '  itemprop=\"text\" ><p style=\"text-align: center;\">Strona w budowie . . .<\/p>\n<\/div><\/section><br \/>\n<div  style=' margin-top:30px; margin-bottom:30px;'  class='hr hr-custom hr-center hr-icon-no   avia-builder-el-5  el_after_av_textblock  avia-builder-el-last '><span class='hr-inner  inner-border-av-border-thin' style=' width:50px; border-color:#000000;' ><span class='hr-inner-style'><\/span><\/span><\/div><\/p><\/div><\/div><\/div><\/main><!-- close content main element --><\/div><div class='av-extra-border-element border-extra-diagonal  diagonal-box-shadow'><div class='av-extra-border-outer'><div class='av-extra-border-inner'  style='background-color:#f8f8f8;' ><\/div><\/div><\/div><\/div><\/div><div id='service'  class='avia-section main_color avia-section-huge avia-no-border-styling  avia-full-contain avia-bg-style-scroll  avia-builder-el-6  el_after_av_section  el_before_av_section   container_wrap fullsize' style='background-color: #ffffff; background-repeat: no-repeat; background-image: url(https:\/\/wadowski.com.pl\/wp-content\/uploads\/2015\/07\/services-3.png);background-attachment: scroll; background-position: center right;  '  data-section-bg-repeat='contain'><div class='container' ><div class='template-page content  av-content-full alpha units'><div class='post-entry post-entry-type-page post-entry-206'><div class='entry-content-wrapper clearfix'>\n<div class=\"flex_column av_three_fourth  av-animated-generic right-to-left  flex_column_div av-zero-column-padding first  avia-builder-el-7  el_before_av_one_fifth  avia-builder-el-first  \" style='border-radius:0px; '><p><span  class=\"av_font_icon avia_animate_when_visible avia-icon-animate  av-icon-style-  av-no-color avia-icon-pos-left \" style=\"\"><span class='av-icon-char' style='font-size:40px;line-height:40px;' aria-hidden='true' data-av_icon='\uf125' data-av_iconfont='light_' ><\/span><\/span><br \/>\n<div  style='height:20px' class='hr hr-invisible   avia-builder-el-9  el_after_av_font_icon  el_before_av_textblock '><span class='hr-inner ' ><span class='hr-inner-style'><\/span><\/span><\/div><br \/>\n<section class=\"av_textblock_section \"  itemscope=\"itemscope\" itemtype=\"https:\/\/schema.org\/CreativeWork\" ><div class='avia_textblock  '   itemprop=\"text\" ><h2>PROJEKTY DLA BUDOWNICTWA<\/h2>\n<p>Kompleksowa obs\u0142uga Inwestora w zakresie przygotowania projektu budowlanego, pozyskania pozwolenia na budow\u0119, opracowania projekt\u00f3w wykonawczych, kosztorys\u00f3w inwestorskich oraz specyfikacji technicznych wykonania i odbioru rob\u00f3t budowlanych<\/p>\n<\/div><\/section><\/p><\/div><div class=\"flex_column av_one_fifth  av-animated-generic right-to-left  flex_column_div av-zero-column-padding   avia-builder-el-11  el_after_av_three_fourth  el_before_av_one_fourth  \" style='border-radius:0px; '><\/div><div class=\"flex_column av_one_fourth  av-animated-generic right-to-left  flex_column_div av-zero-column-padding first  avia-builder-el-12  el_after_av_one_fifth  el_before_av_one_fourth  column-top-margin\" style='border-radius:0px; '><p><span  class=\"av_font_icon avia_animate_when_visible avia-icon-animate  av-icon-style-  av-no-color avia-icon-pos-left \" style=\"\"><span class='av-icon-char' style='font-size:40px;line-height:40px;' aria-hidden='true' data-av_icon='\uf133' data-av_iconfont='light_' ><\/span><\/span><br \/>\n<div  style='height:20px' class='hr hr-invisible   avia-builder-el-14  el_after_av_font_icon  el_before_av_textblock '><span class='hr-inner ' ><span class='hr-inner-style'><\/span><\/span><\/div><br \/>\n<section class=\"av_textblock_section \"  itemscope=\"itemscope\" itemtype=\"https:\/\/schema.org\/CreativeWork\" ><div class='avia_textblock  '   itemprop=\"text\" ><h2>NADZORY INWESTORSKIE<\/h2>\n<p>Us\u0142ugi nadzoru inwestorskiego nad realizacj\u0105 kontraktu.<\/p>\n<\/div><\/section><\/p><\/div><div class=\"flex_column av_one_fourth  av-animated-generic right-to-left  flex_column_div av-zero-column-padding   avia-builder-el-16  el_after_av_one_fourth  el_before_av_one_fourth  column-top-margin\" style='border-radius:0px; '><p><span  class=\"av_font_icon avia_animate_when_visible avia-icon-animate  av-icon-style-  av-no-color avia-icon-pos-left \" style=\"\"><span class='av-icon-char' style='font-size:40px;line-height:40px;' aria-hidden='true' data-av_icon='\uf111' data-av_iconfont='light_' ><\/span><\/span><br \/>\n<div  style='height:20px' class='hr hr-invisible   avia-builder-el-18  el_after_av_font_icon  el_before_av_textblock '><span class='hr-inner ' ><span class='hr-inner-style'><\/span><\/span><\/div><br \/>\n<section class=\"av_textblock_section \"  itemscope=\"itemscope\" itemtype=\"https:\/\/schema.org\/CreativeWork\" ><div class='avia_textblock  '   itemprop=\"text\" ><h2>REALIZACJA ROB\u00d3T BUDOWLANYCH<\/h2>\n<p>Realizujemy roboty budowlane przy wsp\u00f3\u0142pracy z grup\u0105 zaufanych podwykonawc\u00f3w.<\/p>\n<\/div><\/section><\/p><\/div><div class=\"flex_column av_one_fourth  av-animated-generic right-to-left  flex_column_div av-zero-column-padding   avia-builder-el-20  el_after_av_one_fourth  el_before_av_one_fifth  column-top-margin\" style='border-radius:0px; '><p><span  class=\"av_font_icon avia_animate_when_visible avia-icon-animate  av-icon-style-  av-no-color avia-icon-pos-left \" style=\"\"><span class='av-icon-char' style='font-size:40px;line-height:40px;' aria-hidden='true' data-av_icon='\uf261' data-av_iconfont='light_' ><\/span><\/span><br \/>\n<div  style='height:20px' class='hr hr-invisible   avia-builder-el-22  el_after_av_font_icon  el_before_av_textblock '><span class='hr-inner ' ><span class='hr-inner-style'><\/span><\/span><\/div><br \/>\n<section class=\"av_textblock_section \"  itemscope=\"itemscope\" itemtype=\"https:\/\/schema.org\/CreativeWork\" ><div class='avia_textblock  '   itemprop=\"text\" ><h2>US\u0141UGI TOWARZYSZ\u0104CE<\/h2>\n<p>Opinie techniczne i ekspertyzy. Przegl\u0105dy okresowe obiekt\u00f3w budowlanych. Inne, nie wymienione.<\/p>\n<\/div><\/section><\/p><\/div><div class=\"flex_column av_one_fifth  av-animated-generic right-to-left  flex_column_div   avia-builder-el-24  el_after_av_one_fourth  el_before_av_hr  column-top-margin\" style='padding:20px; border-radius:0px; '><\/div><div  style='height:250px' class='hr hr-invisible   avia-builder-el-25  el_after_av_one_fifth  avia-builder-el-last '><span class='hr-inner ' ><span class='hr-inner-style'><\/span><\/span><\/div>\n<\/p>\n<\/div><\/div><\/div><!-- close content main div --><\/div><div class='av-extra-border-element border-extra-diagonal border-extra-diagonal-inverse diagonal-box-shadow'><div class='av-extra-border-outer'><div class='av-extra-border-inner'  style='background-color:#f8f8f8;' ><\/div><\/div><\/div><\/div><div id='work'  class='avia-section main_color avia-section-no-padding avia-no-border-styling  avia-bg-style-scroll  avia-builder-el-26  el_after_av_section  el_before_av_section   container_wrap fullsize' style='background-color: #f8f8f8;  margin-top:0px; margin-bottom:0px; '  ><div class='container' ><div class='template-page content  av-content-full alpha units'><div class='post-entry post-entry-type-page post-entry-206'><div class='entry-content-wrapper clearfix'>\n<div  style='padding-bottom:40px; font-size:65px;' class='av-special-heading av-special-heading-h3  blockquote modern-quote  avia-builder-el-27  avia-builder-el-no-sibling  av-inherit-size '><h3 class='av-special-heading-tag '  itemprop=\"headline\"  >Projekty zrealizowane i w trakcie realizacji<\/h3><div class='special-heading-border'><div class='special-heading-inner-border' ><\/div><\/div><\/div>\n\n<\/div><\/div><\/div><!-- close content main div --><\/div><\/div><div id='work'  class='avia-section main_color avia-section-no-padding avia-no-border-styling  avia-bg-style-scroll  avia-builder-el-28  el_after_av_section  el_before_av_section   container_wrap fullsize' style='background-color: #f8f8f8;  margin-top:0px; margin-bottom:0px; '  ><div class='container' ><div class='template-page content  av-content-full alpha units'><div class='post-entry post-entry-type-page post-entry-206'><div class='entry-content-wrapper clearfix'>\n<div  style=' margin-top:5px; margin-bottom:30px;'  class='hr hr-custom hr-center hr-icon-no   avia-builder-el-29  el_before_av_one_fifth  avia-builder-el-first '><span class='hr-inner  inner-border-av-border-thin' style=' width:50px; border-color:#000000;' ><span class='hr-inner-style'><\/span><\/span><\/div>\n<div class=\"flex_column av_one_fifth  flex_column_div av-zero-column-padding first  avia-builder-el-30  el_after_av_hr  el_before_av_three_fifth  \" style='border-radius:0px; '><section class=\"av_textblock_section \"  itemscope=\"itemscope\" itemtype=\"https:\/\/schema.org\/CreativeWork\" ><div class='avia_textblock  '   itemprop=\"text\" ><h1 style=\"text-align: center;\">2025<\/h1>\n<\/div><\/section><\/div><div class=\"flex_column av_three_fifth  flex_column_div av-zero-column-padding   avia-builder-el-32  el_after_av_one_fifth  el_before_av_one_fifth  \" style='border-radius:0px; '><section class=\"av_textblock_section \"  itemscope=\"itemscope\" itemtype=\"https:\/\/schema.org\/CreativeWork\" ><div class='avia_textblock  '   itemprop=\"text\" ><h3>Strona w budowie&#8230;<\/h3>\n<\/div><\/section><\/div><div class=\"flex_column av_one_fifth  flex_column_div av-zero-column-padding   avia-builder-el-34  el_after_av_three_fifth  el_before_av_hr  \" style='border-radius:0px; '><div   class=\"togglecontainer   toggle_close_all  avia-builder-el-35  avia-builder-el-no-sibling \" >\n<section class=\"av_toggle_section\"  itemscope=\"itemscope\" itemtype=\"https:\/\/schema.org\/CreativeWork\"  >    <div role=\"tablist\" class=\"single_toggle\" data-tags=\"{Wszystko} \"  >        <p data-fake-id=\"#toggle-id-1\" class=\"toggler \"  itemprop=\"headline\"    role=\"tab\" tabindex=\"0\" aria-controls=\"toggle-id-1\">Zakres projektu:<span class=\"toggle_icon\" >        <span class=\"vert_icon\"><\/span><span class=\"hor_icon\"><\/span><\/span><\/p>        <div id=\"toggle-id-1\" class=\"toggle_wrap \"   >            <div class=\"toggle_content invers-color \"  itemprop=\"text\"   ><ul>\n<li>Dokumentacja<\/li>\n<\/ul>\n            <\/div>        <\/div>    <\/div><\/section>\n<\/div><\/div><div  style='height:250px' class='hr hr-invisible   avia-builder-el-36  el_after_av_one_fifth  avia-builder-el-last '><span class='hr-inner ' ><span class='hr-inner-style'><\/span><\/span><\/div>\n<\/div><\/div><\/div><!-- close content main div --><\/div><div class='av-extra-border-element border-extra-diagonal border-extra-diagonal-inverse '><div class='av-extra-border-outer'><div class='av-extra-border-inner'  style='background-color:#ffffff;' ><\/div><\/div><\/div><\/div><div id='contact'  class='avia-section main_color avia-section-large avia-no-border-styling  avia-bg-style-scroll  avia-builder-el-37  el_after_av_section  avia-builder-el-last   container_wrap fullsize' style='background-color: #f8f8f8;  '  ><div class='container' ><div class='template-page content  av-content-full alpha units'><div class='post-entry post-entry-type-page post-entry-206'><div class='entry-content-wrapper clearfix'>\n<div  style='padding-bottom:40px; font-size:65px;' class='av-special-heading av-special-heading-h3  blockquote modern-quote  avia-builder-el-38  el_before_av_one_half  avia-builder-el-first  av-inherit-size '><h3 class='av-special-heading-tag '  itemprop=\"headline\"  >Kontakt<\/h3><div class='special-heading-border'><div class='special-heading-inner-border' ><\/div><\/div><\/div>\n<div class=\"flex_column av_one_half  av-animated-generic right-to-left  flex_column_div av-zero-column-padding first  avia-builder-el-39  el_after_av_heading  el_before_av_one_half  \" style='border-radius:0px; '><form action=\"https:\/\/wadowski.com.pl\/\" method=\"post\"  class=\"avia_ajax_form av-form-labels-hidden   avia-builder-el-40  avia-builder-el-no-sibling  av-custom-form-color av-dark-form \" data-avia-form-id=\"1\" data-avia-redirect='' ><fieldset><p class='  first_form  form_element form_fullwidth' id='element_avia_1_1'><label for=\"avia_1_1\">Imi\u0119 i Nazwisko <abbr class=\"required\" title=\"required\">*<\/abbr><\/label> <input name=\"avia_1_1\" class=\"text_input is_empty\" type=\"text\" id=\"avia_1_1\" value=\"\"  placeholder='Imi\u0119 i Nazwisko*'\/><\/p><p class='  first_form  form_element form_fullwidth' id='element_avia_2_1'><label for=\"avia_2_1\">E-Mail <abbr class=\"required\" title=\"required\">*<\/abbr><\/label> <input name=\"avia_2_1\" class=\"text_input is_email\" type=\"text\" id=\"avia_2_1\" value=\"\"  placeholder='E-Mail*'\/><\/p><p class='  first_form  form_element form_fullwidth av-last-visible-form-element' id='element_avia_3_1'><label for=\"avia_3_1\" class=\"textare_label hidden textare_label_avia_3_1\">Tre\u015b\u0107 wiadomo\u015bci <abbr class=\"required\" title=\"required\">*<\/abbr><\/label><textarea  placeholder='Tre\u015b\u0107 wiadomo\u015bci*' name=\"avia_3_1\" class=\"text_area is_empty\" cols=\"40\" rows=\"7\" id=\"avia_3_1\" ><\/textarea><\/p><p class=\"hidden\"><input type=\"text\" name=\"avia_4_1\" class=\"hidden \" id=\"avia_4_1\" value=\"\" \/><\/p><p class=\"form_element \"><input type=\"hidden\" value=\"1\" name=\"avia_generated_form1\" \/><input type=\"submit\" value=\"Wy\u015blij\" class=\"button\"  data-sending-label=\"Trwa wysy\u0142anie...\"\/><\/p><\/fieldset><\/form><div id=\"ajaxresponse_1\" class=\"ajaxresponse ajaxresponse_1 hidden\"><\/div><\/div><div class=\"flex_column av_one_half  av-animated-generic right-to-left  flex_column_div av-zero-column-padding   avia-builder-el-41  el_after_av_one_half  avia-builder-el-last  \" style='border-radius:0px; '><section class=\"av_textblock_section \"  itemscope=\"itemscope\" itemtype=\"https:\/\/schema.org\/CreativeWork\" ><div class='avia_textblock  '   itemprop=\"text\" ><h2>Dane rejestrowe:<\/h2>\n<p>Aura Koncept Sp. z o.o.<\/p>\n<p>ul. B.P. Tomickiego 24\/33, 31-982 Krak\u00f3w<\/p>\n<p>NIP: 675 181 69 69<\/p>\n<h2><\/h2>\n<\/div><\/section><br \/>\n<section class=\"av_textblock_section \"  itemscope=\"itemscope\" itemtype=\"https:\/\/schema.org\/CreativeWork\" ><div class='avia_textblock  '   itemprop=\"text\" ><h2>Godziny pracy:<\/h2>\n<p>Pn-Pt: 8:00-16:00<\/p>\n<\/div><\/section><\/p><\/div><\/p>\n","protected":false},"excerpt":{"rendered":"","protected":false},"author":1,"featured_media":0,"parent":0,"menu_order":0,"comment_status":"open","ping_status":"closed","template":"","meta":{"footnotes":""},"class_list":["post-206","page","type-page","status-publish","hentry"],"_links":{"self":[{"href":"https:\/\/wadowski.com.pl\/index.php\/wp-json\/wp\/v2\/pages\/206","targetHints":{"allow":["GET"]}}],"collection":[{"href":"https:\/\/wadowski.com.pl\/index.php\/wp-json\/wp\/v2\/pages"}],"about":[{"href":"https:\/\/wadowski.com.pl\/index.php\/wp-json\/wp\/v2\/types\/page"}],"author":[{"embeddable":true,"href":"https:\/\/wadowski.com.pl\/index.php\/wp-json\/wp\/v2\/users\/1"}],"replies":[{"embeddable":true,"href":"https:\/\/wadowski.com.pl\/index.php\/wp-json\/wp\/v2\/comments?post=206"}],"version-history":[{"count":98,"href":"https:\/\/wadowski.com.pl\/index.php\/wp-json\/wp\/v2\/pages\/206\/revisions"}],"predecessor-version":[{"id":590,"href":"https:\/\/wadowski.com.pl\/index.php\/wp-json\/wp\/v2\/pages\/206\/revisions\/590"}],"wp:attachment":[{"href":"https:\/\/wadowski.com.pl\/index.php\/wp-json\/wp\/v2\/media?parent=206"}],"curies":[{"name":"wp","href":"https:\/\/api.w.org\/{rel}","templated":true}]}}